{"id":629,"date":"2020-05-17T16:15:30","date_gmt":"2020-05-17T16:15:30","guid":{"rendered":"https:\/\/demo.winnertheme.com\/zapedah\/?page_id=629"},"modified":"2024-01-19T13:25:38","modified_gmt":"2024-01-19T13:25:38","slug":"our-mission","status":"publish","type":"page","link":"https:\/\/cocinortemtb.com.do\/?page_id=629","title":{"rendered":"Our Mission"},"content":{"rendered":"\t\t<div data-elementor-type=\"wp-page\" data-elementor-id=\"629\" class=\"elementor elementor-629\">\n\t\t\t\t\t\t<section class=\"elementor-section elementor-top-section elementor-element elementor-element-025c92a elementor-section-boxed elementor-section-height-default elementor-section-height-default\" data-id=\"025c92a\" data-element_type=\"section\" data-settings=\"{&quot;background_background&quot;:&quot;classic&quot;}\">\n\t\t\t\t\t\t\t<div class=\"elementor-background-overlay\"><\/div>\n\t\t\t\t\t\t\t<div class=\"elementor-container elementor-column-gap-extended\">\n\t\t\t\t\t<div class=\"elementor-column elementor-col-100 elementor-top-column elementor-element elementor-element-b60e745\" data-id=\"b60e745\" data-element_type=\"column\">\n\t\t\t<div class=\"elementor-widget-wrap elementor-element-populated\">\n\t\t\t\t\t\t<div class=\"elementor-element elementor-element-03d6b84 elementor-widget elementor-widget-text-editor\" data-id=\"03d6b84\" data-element_type=\"widget\" data-widget_type=\"text-editor.default\">\n\t\t\t\t<div class=\"elementor-widget-container\">\n\t\t\t<style>\/*! elementor - v3.21.0 - 22-05-2024 *\/\n.elementor-widget-text-editor.elementor-drop-cap-view-stacked .elementor-drop-cap{background-color:#69727d;color:#fff}.elementor-widget-text-editor.elementor-drop-cap-view-framed .elementor-drop-cap{color:#69727d;border:3px solid;background-color:transparent}.elementor-widget-text-editor:not(.elementor-drop-cap-view-default) .elementor-drop-cap{margin-top:8px}.elementor-widget-text-editor:not(.elementor-drop-cap-view-default) .elementor-drop-cap-letter{width:1em;height:1em}.elementor-widget-text-editor .elementor-drop-cap{float:left;text-align:center;line-height:1;font-size:50px}.elementor-widget-text-editor .elementor-drop-cap-letter{display:inline-block}<\/style>\t\t\t\t<p>Prop\u00f3sito<\/p>\t\t\t\t\t\t<\/div>\n\t\t\t\t<\/div>\n\t\t\t\t\t<\/div>\n\t\t<\/div>\n\t\t\t\t\t<\/div>\n\t\t<\/section>\n\t\t\t\t<section class=\"elementor-section elementor-top-section elementor-element elementor-element-9f141e2 elementor-section-boxed elementor-section-height-default elementor-section-height-default\" data-id=\"9f141e2\" data-element_type=\"section\" data-settings=\"{&quot;background_background&quot;:&quot;classic&quot;}\">\n\t\t\t\t\t\t<div class=\"elementor-container elementor-column-gap-extended\">\n\t\t\t\t\t<div class=\"elementor-column elementor-col-100 elementor-top-column elementor-element elementor-element-27168b5 animated-fast elementor-invisible\" data-id=\"27168b5\" data-element_type=\"column\" data-settings=\"{&quot;animation&quot;:&quot;fadeInUp&quot;,&quot;animation_tablet&quot;:&quot;none&quot;,&quot;animation_delay&quot;:200}\">\n\t\t\t<div class=\"elementor-widget-wrap elementor-element-populated\">\n\t\t\t\t\t\t\t<\/div>\n\t\t<\/div>\n\t\t\t\t\t<\/div>\n\t\t<\/section>\n\t\t\t\t<section class=\"elementor-section elementor-top-section elementor-element elementor-element-2a403e4 elementor-section-boxed elementor-section-height-default elementor-section-height-default\" data-id=\"2a403e4\" data-element_type=\"section\" data-settings=\"{&quot;background_background&quot;:&quot;classic&quot;}\">\n\t\t\t\t\t\t<div class=\"elementor-container elementor-column-gap-default\">\n\t\t\t\t\t<div class=\"elementor-column elementor-col-100 elementor-top-column elementor-element elementor-element-53e4586\" data-id=\"53e4586\" data-element_type=\"column\" data-settings=\"{&quot;background_background&quot;:&quot;classic&quot;}\">\n\t\t\t<div class=\"elementor-widget-wrap elementor-element-populated\">\n\t\t\t\t\t\t<div class=\"elementor-element elementor-element-7f9cd6b elementor-widget elementor-widget-spacer\" data-id=\"7f9cd6b\" data-element_type=\"widget\" data-widget_type=\"spacer.default\">\n\t\t\t\t<div class=\"elementor-widget-container\">\n\t\t\t<style>\/*! elementor - v3.21.0 - 22-05-2024 *\/\n.elementor-column .elementor-spacer-inner{height:var(--spacer-size)}.e-con{--container-widget-width:100%}.e-con-inner>.elementor-widget-spacer,.e-con>.elementor-widget-spacer{width:var(--container-widget-width,var(--spacer-size));--align-self:var(--container-widget-align-self,initial);--flex-shrink:0}.e-con-inner>.elementor-widget-spacer>.elementor-widget-container,.e-con>.elementor-widget-spacer>.elementor-widget-container{height:100%;width:100%}.e-con-inner>.elementor-widget-spacer>.elementor-widget-container>.elementor-spacer,.e-con>.elementor-widget-spacer>.elementor-widget-container>.elementor-spacer{height:100%}.e-con-inner>.elementor-widget-spacer>.elementor-widget-container>.elementor-spacer>.elementor-spacer-inner,.e-con>.elementor-widget-spacer>.elementor-widget-container>.elementor-spacer>.elementor-spacer-inner{height:var(--container-widget-height,var(--spacer-size))}.e-con-inner>.elementor-widget-spacer.elementor-widget-empty,.e-con>.elementor-widget-spacer.elementor-widget-empty{position:relative;min-height:22px;min-width:22px}.e-con-inner>.elementor-widget-spacer.elementor-widget-empty .elementor-widget-empty-icon,.e-con>.elementor-widget-spacer.elementor-widget-empty .elementor-widget-empty-icon{position:absolute;top:0;bottom:0;left:0;right:0;margin:auto;padding:0;width:22px;height:22px}<\/style>\t\t<div class=\"elementor-spacer\">\n\t\t\t<div class=\"elementor-spacer-inner\"><\/div>\n\t\t<\/div>\n\t\t\t\t<\/div>\n\t\t\t\t<\/div>\n\t\t\t\t<div class=\"elementor-element elementor-element-c302736 elementor-widget elementor-widget-zapedah-title\" data-id=\"c302736\" data-element_type=\"widget\" data-widget_type=\"zapedah-title.default\">\n\t\t\t\t<div class=\"elementor-widget-container\">\n\t\t\t<h2 class=\"content-title\">5 beneficios que te aporta montar en <b>Bicicleta<\/b><span>.<\/span><\/h2>\t\t<\/div>\n\t\t\t\t<\/div>\n\t\t\t\t<div class=\"elementor-element elementor-element-eec41eb elementor-widget elementor-widget-spacer\" data-id=\"eec41eb\" data-element_type=\"widget\" data-widget_type=\"spacer.default\">\n\t\t\t\t<div class=\"elementor-widget-container\">\n\t\t\t\t\t<div class=\"elementor-spacer\">\n\t\t\t<div class=\"elementor-spacer-inner\"><\/div>\n\t\t<\/div>\n\t\t\t\t<\/div>\n\t\t\t\t<\/div>\n\t\t\t\t<div class=\"elementor-element elementor-element-35d3eea elementor-widget elementor-widget-text-editor\" data-id=\"35d3eea\" data-element_type=\"widget\" data-widget_type=\"text-editor.default\">\n\t\t\t\t<div class=\"elementor-widget-container\">\n\t\t\t\t\t\t\t<p style=\"text-align: center;\">Desde luego que si ya te gusta montar en bici lo que vas a leer a continuaci\u00f3n te sobra. Pero lo que te vamos a comentar a continuaci\u00f3n no lo hacemos para que saques pecho de lo bien que te sienta montar en bici, sino para que todos seamos conscientes de los beneficios que aporta e intentemos que otra gente comience a pedalear tambi\u00e9n.<\/p><p style=\"text-align: center;\">Algunos de estos consejos son atribuibles a cualquier ejercicio f\u00edsico pero como estamos en una web de ciclismo le vamos a poner la medallita a las bicis.<\/p>\t\t\t\t\t\t<\/div>\n\t\t\t\t<\/div>\n\t\t\t\t<div class=\"elementor-element elementor-element-0927892 elementor-widget elementor-widget-text-editor\" data-id=\"0927892\" data-element_type=\"widget\" data-widget_type=\"text-editor.default\">\n\t\t\t\t<div class=\"elementor-widget-container\">\n\t\t\t\t\t\t\t<p style=\"text-align: center;\"><strong>Protecci\u00f3n articular:<\/strong> El ciclismo es menos lesivo para las articulaciones en comparaci\u00f3n con otros deportes, como correr, ya que no genera impactos significativos.<\/p><p style=\"text-align: center;\"><strong>Mejora cardiovascular:<\/strong> Contribuye a reducir la presi\u00f3n arterial, aumentar el ritmo card\u00edaco m\u00e1ximo y promover niveles saludables de colesterol.<\/p><p style=\"text-align: center;\"><strong>Envejecimiento saludable:<\/strong> La pr\u00e1ctica regular disminuye la sensaci\u00f3n de fatiga y aumenta los niveles de energ\u00eda, favoreciendo un envejecimiento m\u00e1s saludable.<\/p><p style=\"text-align: center;\"><strong>Fortalecimiento inmunol\u00f3gico:<\/strong> Salir en bicicleta al menos dos veces por semana durante 20 minutos refuerza el sistema inmunol\u00f3gico, reduciendo la susceptibilidad a infecciones y enfermedades.<\/p><p style=\"text-align: center;\"><strong>Mejora f\u00edsica y bienestar emocional:<\/strong> Realizar salidas de al menos 60 minutos, dos veces por semana, ayuda a mantener un peso saludable y reduce el estr\u00e9s asociado con el trabajo y la rutina diaria, promoviendo la felicidad y el equilibrio emocional.<\/p><p style=\"text-align: center;\">Despu\u00e9s del esfuerzo realizado al montar en bici, nuestro cuerpo genera una serie de endorfinas que rebajan nuestros niveles de estr\u00e9s y hacen que nos sintamos bien.<\/p>\t\t\t\t\t\t<\/div>\n\t\t\t\t<\/div>\n\t\t\t\t<div class=\"elementor-element elementor-element-3fee6ff elementor-widget elementor-widget-spacer\" data-id=\"3fee6ff\" data-element_type=\"widget\" data-widget_type=\"spacer.default\">\n\t\t\t\t<div class=\"elementor-widget-container\">\n\t\t\t\t\t<div class=\"elementor-spacer\">\n\t\t\t<div class=\"elementor-spacer-inner\"><\/div>\n\t\t<\/div>\n\t\t\t\t<\/div>\n\t\t\t\t<\/div>\n\t\t\t\t\t<\/div>\n\t\t<\/div>\n\t\t\t\t\t<\/div>\n\t\t<\/section>\n\t\t\t\t<section class=\"elementor-section elementor-top-section elementor-element elementor-element-7191f92 elementor-section-boxed elementor-section-height-default elementor-section-height-default\" data-id=\"7191f92\" data-element_type=\"section\">\n\t\t\t\t\t\t<div class=\"elementor-container elementor-column-gap-default\">\n\t\t\t\t\t<div class=\"elementor-column elementor-col-100 elementor-top-column elementor-element elementor-element-6a01c6c\" data-id=\"6a01c6c\" data-element_type=\"column\">\n\t\t\t<div class=\"elementor-widget-wrap elementor-element-populated\">\n\t\t\t\t\t\t<div class=\"elementor-element elementor-element-591da6a elementor-widget elementor-widget-spacer\" data-id=\"591da6a\" data-element_type=\"widget\" data-widget_type=\"spacer.default\">\n\t\t\t\t<div class=\"elementor-widget-container\">\n\t\t\t\t\t<div class=\"elementor-spacer\">\n\t\t\t<div class=\"elementor-spacer-inner\"><\/div>\n\t\t<\/div>\n\t\t\t\t<\/div>\n\t\t\t\t<\/div>\n\t\t\t\t\t<\/div>\n\t\t<\/div>\n\t\t\t\t\t<\/div>\n\t\t<\/section>\n\t\t\t\t<section class=\"elementor-section elementor-top-section elementor-element elementor-element-476bfd8 elementor-section-content-middle elementor-section-boxed elementor-section-height-default elementor-section-height-default\" data-id=\"476bfd8\" data-element_type=\"section\" data-settings=\"{&quot;background_background&quot;:&quot;classic&quot;}\">\n\t\t\t\t\t\t\t<div class=\"elementor-background-overlay\"><\/div>\n\t\t\t\t\t\t\t<div class=\"elementor-container elementor-column-gap-no\">\n\t\t\t\t\t<div class=\"elementor-column elementor-col-100 elementor-top-column elementor-element elementor-element-9eec787\" data-id=\"9eec787\" data-element_type=\"column\">\n\t\t\t<div class=\"elementor-widget-wrap elementor-element-populated\">\n\t\t\t\t\t\t<div class=\"elementor-element elementor-element-0f5b57e elementor-widget elementor-widget-heading\" data-id=\"0f5b57e\" data-element_type=\"widget\" data-widget_type=\"heading.default\">\n\t\t\t\t<div class=\"elementor-widget-container\">\n\t\t\t<style>\/*! elementor - v3.21.0 - 22-05-2024 *\/\n.elementor-heading-title{padding:0;margin:0;line-height:1}.elementor-widget-heading .elementor-heading-title[class*=elementor-size-]>a{color:inherit;font-size:inherit;line-height:inherit}.elementor-widget-heading .elementor-heading-title.elementor-size-small{font-size:15px}.elementor-widget-heading .elementor-heading-title.elementor-size-medium{font-size:19px}.elementor-widget-heading .elementor-heading-title.elementor-size-large{font-size:29px}.elementor-widget-heading .elementor-heading-title.elementor-size-xl{font-size:39px}.elementor-widget-heading .elementor-heading-title.elementor-size-xxl{font-size:59px}<\/style><h1 class=\"elementor-heading-title elementor-size-xxl\">Fotos de eventos recientes<\/h1>\t\t<\/div>\n\t\t\t\t<\/div>\n\t\t\t\t<div class=\"elementor-element elementor-element-e754d66 elementor-arrows-position-outside elementor-widget elementor-widget-image-carousel\" data-id=\"e754d66\" data-element_type=\"widget\" data-settings=\"{&quot;slides_to_show&quot;:&quot;1&quot;,&quot;navigation&quot;:&quot;arrows&quot;,&quot;autoplay&quot;:&quot;yes&quot;,&quot;pause_on_hover&quot;:&quot;yes&quot;,&quot;pause_on_interaction&quot;:&quot;yes&quot;,&quot;autoplay_speed&quot;:5000,&quot;infinite&quot;:&quot;yes&quot;,&quot;effect&quot;:&quot;slide&quot;,&quot;speed&quot;:500}\" data-widget_type=\"image-carousel.default\">\n\t\t\t\t<div class=\"elementor-widget-container\">\n\t\t\t<style>\/*! elementor - v3.21.0 - 22-05-2024 *\/\n.elementor-widget-image-carousel .swiper,.elementor-widget-image-carousel .swiper-container{position:static}.elementor-widget-image-carousel .swiper-container .swiper-slide figure,.elementor-widget-image-carousel .swiper .swiper-slide figure{line-height:inherit}.elementor-widget-image-carousel .swiper-slide{text-align:center}.elementor-image-carousel-wrapper:not(.swiper-container-initialized):not(.swiper-initialized) .swiper-slide{max-width:calc(100% \/ var(--e-image-carousel-slides-to-show, 3))}<\/style>\t\t<div class=\"elementor-image-carousel-wrapper swiper\" dir=\"ltr\">\n\t\t\t<div class=\"elementor-image-carousel swiper-wrapper swiper-image-stretch\" aria-live=\"off\">\n\t\t\t\t\t\t\t\t<div class=\"swiper-slide\" role=\"group\" aria-roledescription=\"slide\" aria-label=\"1 de 16\"><figure class=\"swiper-slide-inner\"><img decoding=\"async\" class=\"swiper-slide-image\" src=\"https:\/\/cocinortemtb.com.do\/wp-content\/uploads\/2024\/01\/358131082_747686600691109_8537299550680347322_n-1.jpg\" alt=\"358131082_747686600691109_8537299550680347322_n\" \/><\/figure><\/div><div class=\"swiper-slide\" role=\"group\" aria-roledescription=\"slide\" aria-label=\"2 de 16\"><figure class=\"swiper-slide-inner\"><img decoding=\"async\" class=\"swiper-slide-image\" src=\"https:\/\/cocinortemtb.com.do\/wp-content\/uploads\/2024\/01\/358108345_747691580690611_620186954877576945_n.jpg\" alt=\"358108345_747691580690611_620186954877576945_n\" \/><\/figure><\/div><div class=\"swiper-slide\" role=\"group\" aria-roledescription=\"slide\" aria-label=\"3 de 16\"><figure class=\"swiper-slide-inner\"><img decoding=\"async\" class=\"swiper-slide-image\" src=\"https:\/\/cocinortemtb.com.do\/wp-content\/uploads\/2024\/01\/358628840_747691700690599_4302459279328534247_n.jpg\" alt=\"358628840_747691700690599_4302459279328534247_n\" \/><\/figure><\/div><div class=\"swiper-slide\" role=\"group\" aria-roledescription=\"slide\" aria-label=\"4 de 16\"><figure class=\"swiper-slide-inner\"><img decoding=\"async\" class=\"swiper-slide-image\" src=\"https:\/\/cocinortemtb.com.do\/wp-content\/uploads\/2024\/01\/358609544_747687160691053_1308708576568679653_n.jpg\" alt=\"358609544_747687160691053_1308708576568679653_n\" \/><\/figure><\/div><div class=\"swiper-slide\" role=\"group\" aria-roledescription=\"slide\" aria-label=\"5 de 16\"><figure class=\"swiper-slide-inner\"><img decoding=\"async\" class=\"swiper-slide-image\" src=\"https:\/\/cocinortemtb.com.do\/wp-content\/uploads\/2024\/01\/358572490_747687090691060_3505891720602337284_n.jpg\" alt=\"358572490_747687090691060_3505891720602337284_n\" \/><\/figure><\/div><div class=\"swiper-slide\" role=\"group\" aria-roledescription=\"slide\" aria-label=\"6 de 16\"><figure class=\"swiper-slide-inner\"><img decoding=\"async\" class=\"swiper-slide-image\" src=\"https:\/\/cocinortemtb.com.do\/wp-content\/uploads\/2024\/01\/358608684_747691280690641_6872955259661660375_n.jpg\" alt=\"358608684_747691280690641_6872955259661660375_n\" \/><\/figure><\/div><div class=\"swiper-slide\" role=\"group\" aria-roledescription=\"slide\" aria-label=\"7 de 16\"><figure class=\"swiper-slide-inner\"><img decoding=\"async\" class=\"swiper-slide-image\" src=\"https:\/\/cocinortemtb.com.do\/wp-content\/uploads\/2024\/01\/358105278_747691094023993_7162422033918769915_n.jpg\" alt=\"358105278_747691094023993_7162422033918769915_n\" \/><\/figure><\/div><div class=\"swiper-slide\" role=\"group\" aria-roledescription=\"slide\" aria-label=\"8 de 16\"><figure class=\"swiper-slide-inner\"><img decoding=\"async\" class=\"swiper-slide-image\" src=\"https:\/\/cocinortemtb.com.do\/wp-content\/uploads\/2024\/01\/358650075_747691320690637_8627068861242943382_n.jpg\" alt=\"358650075_747691320690637_8627068861242943382_n\" \/><\/figure><\/div><div class=\"swiper-slide\" role=\"group\" aria-roledescription=\"slide\" aria-label=\"9 de 16\"><figure class=\"swiper-slide-inner\"><img decoding=\"async\" class=\"swiper-slide-image\" src=\"https:\/\/cocinortemtb.com.do\/wp-content\/uploads\/2024\/01\/358390751_747691440690625_447820118901731378_n.jpg\" alt=\"358390751_747691440690625_447820118901731378_n\" \/><\/figure><\/div><div class=\"swiper-slide\" role=\"group\" aria-roledescription=\"slide\" aria-label=\"10 de 16\"><figure class=\"swiper-slide-inner\"><img decoding=\"async\" class=\"swiper-slide-image\" src=\"https:\/\/cocinortemtb.com.do\/wp-content\/uploads\/2024\/01\/357798740_747691554023947_927965273955279244_n.jpg\" alt=\"357798740_747691554023947_927965273955279244_n\" \/><\/figure><\/div><div class=\"swiper-slide\" role=\"group\" aria-roledescription=\"slide\" aria-label=\"11 de 16\"><figure class=\"swiper-slide-inner\"><img decoding=\"async\" class=\"swiper-slide-image\" src=\"https:\/\/cocinortemtb.com.do\/wp-content\/uploads\/2024\/01\/357825024_747689990690770_998557943319469805_n.jpg\" alt=\"357825024_747689990690770_998557943319469805_n\" \/><\/figure><\/div><div class=\"swiper-slide\" role=\"group\" aria-roledescription=\"slide\" aria-label=\"12 de 16\"><figure class=\"swiper-slide-inner\"><img decoding=\"async\" class=\"swiper-slide-image\" src=\"https:\/\/cocinortemtb.com.do\/wp-content\/uploads\/2024\/01\/358378639_747690587357377_6951317717376268740_n.jpg\" alt=\"358378639_747690587357377_6951317717376268740_n\" \/><\/figure><\/div><div class=\"swiper-slide\" role=\"group\" aria-roledescription=\"slide\" aria-label=\"13 de 16\"><figure class=\"swiper-slide-inner\"><img decoding=\"async\" class=\"swiper-slide-image\" src=\"https:\/\/cocinortemtb.com.do\/wp-content\/uploads\/2024\/01\/358130097_747689797357456_476892504301809400_n.jpg\" alt=\"358130097_747689797357456_476892504301809400_n\" \/><\/figure><\/div><div class=\"swiper-slide\" role=\"group\" aria-roledescription=\"slide\" aria-label=\"14 de 16\"><figure class=\"swiper-slide-inner\"><img decoding=\"async\" class=\"swiper-slide-image\" src=\"https:\/\/cocinortemtb.com.do\/wp-content\/uploads\/2024\/01\/358139800_747689404024162_269933311229242158_n.jpg\" alt=\"358139800_747689404024162_269933311229242158_n\" \/><\/figure><\/div><div class=\"swiper-slide\" role=\"group\" aria-roledescription=\"slide\" aria-label=\"15 de 16\"><figure class=\"swiper-slide-inner\"><img decoding=\"async\" class=\"swiper-slide-image\" src=\"https:\/\/cocinortemtb.com.do\/wp-content\/uploads\/2024\/01\/358093477_747671704025932_4765982448313433695_n.jpg\" alt=\"358093477_747671704025932_4765982448313433695_n\" \/><\/figure><\/div><div class=\"swiper-slide\" role=\"group\" aria-roledescription=\"slide\" aria-label=\"16 de 16\"><figure class=\"swiper-slide-inner\"><img decoding=\"async\" class=\"swiper-slide-image\" src=\"https:\/\/cocinortemtb.com.do\/wp-content\/uploads\/2024\/01\/67579314_2083046871796680_212485900582518784_n.jpg\" alt=\"67579314_2083046871796680_212485900582518784_n\" \/><\/figure><\/div>\t\t\t<\/div>\n\t\t\t\t\t\t\t\t\t\t\t\t<div class=\"elementor-swiper-button elementor-swiper-button-prev\" role=\"button\" tabindex=\"0\">\n\t\t\t\t\t\t<i aria-hidden=\"true\" class=\"eicon-chevron-left\"><\/i>\t\t\t\t\t<\/div>\n\t\t\t\t\t<div class=\"elementor-swiper-button elementor-swiper-button-next\" role=\"button\" tabindex=\"0\">\n\t\t\t\t\t\t<i aria-hidden=\"true\" class=\"eicon-chevron-right\"><\/i>\t\t\t\t\t<\/div>\n\t\t\t\t\n\t\t\t\t\t\t\t\t\t<\/div>\n\t\t\t\t<\/div>\n\t\t\t\t<\/div>\n\t\t\t\t\t<\/div>\n\t\t<\/div>\n\t\t\t\t\t<\/div>\n\t\t<\/section>\n\t\t\t\t<\/div>\n\t\t","protected":false},"excerpt":{"rendered":"<p>Prop\u00f3sito 5 beneficios que te aporta montar en Bicicleta. Desde luego que si ya te gusta montar en bici lo que vas a leer a continuaci\u00f3n te sobra. Pero lo que te vamos a comentar a continuaci\u00f3n no lo hacemos para que saques pecho de lo bien que te sienta montar en bici, sino para que todos seamos conscientes de &hellip;<\/p>\n","protected":false},"author":1,"featured_media":0,"parent":0,"menu_order":0,"comment_status":"closed","ping_status":"closed","template":"blank-builder.php","meta":[],"_links":{"self":[{"href":"https:\/\/cocinortemtb.com.do\/index.php?rest_route=\/wp\/v2\/pages\/629"}],"collection":[{"href":"https:\/\/cocinortemtb.com.do\/index.php?rest_route=\/wp\/v2\/pages"}],"about":[{"href":"https:\/\/cocinortemtb.com.do\/index.php?rest_route=\/wp\/v2\/types\/page"}],"author":[{"embeddable":true,"href":"https:\/\/cocinortemtb.com.do\/index.php?rest_route=\/wp\/v2\/users\/1"}],"replies":[{"embeddable":true,"href":"https:\/\/cocinortemtb.com.do\/index.php?rest_route=%2Fwp%2Fv2%2Fcomments&post=629"}],"version-history":[{"count":27,"href":"https:\/\/cocinortemtb.com.do\/index.php?rest_route=\/wp\/v2\/pages\/629\/revisions"}],"predecessor-version":[{"id":1120,"href":"https:\/\/cocinortemtb.com.do\/index.php?rest_route=\/wp\/v2\/pages\/629\/revisions\/1120"}],"wp:attachment":[{"href":"https:\/\/cocinortemtb.com.do\/index.php?rest_route=%2Fwp%2Fv2%2Fmedia&parent=629"}],"curies":[{"name":"wp","href":"https:\/\/api.w.org\/{rel}","templated":true}]}}